{"id":644,"date":"2025-10-09T12:31:26","date_gmt":"2025-10-09T12:31:26","guid":{"rendered":"https:\/\/boskboskbosk.com\/?page_id=644"},"modified":"2025-10-23T14:02:05","modified_gmt":"2025-10-23T14:02:05","slug":"about","status":"publish","type":"page","link":"https:\/\/boskboskbosk.com\/?page_id=644","title":{"rendered":"about"},"content":{"rendered":"\n<figure class=\"wp-block-image aligncenter size-full is-resized\"><img loading=\"lazy\" decoding=\"async\" width=\"9000\" height=\"9000\" src=\"https:\/\/boskboskbosk.com\/wp-content\/uploads\/2025\/10\/eg3.jpg\" alt=\"Berglind \u00d3sk Hlynsd\u00f3ttir\" class=\"wp-image-636\" style=\"width:399px;height:auto\"\/><\/figure>\n\n\n\n<p>Berglind graduated as a fashion designer from IUA (Iceland University of the Arts) in 2021. In her graduation collection \u201c\u00der\u00e1\u00f0hyggja\u201d she focused on giving discarded polyester satin new life by de-weaving it, combing it and then spin or felt new material for further use. Her post graduation projects have been focused on finding various ways to recycle the existing discarded fabrics. After graduation she has received grants from the Student Innovation Fund and the Icelandic Design Fund to continue her research in recycling fabric. Recently she\u2019s been focused on making collections in knit from scrap yarn as well as doing commission work.<\/p>\n\n\n\n<p>Studio located in HlemmurHaus, Laugavegur 114, 105 Reykjav\u00edk, Iceland.<\/p>\n\n\n\n<p>ig: @<a href=\"https:\/\/www.instagram.com\/boskboskbosk\/\">boskboskbosk<\/a><br>email: boskboskboskbosk@gmail.com<\/p>\n\n\n","protected":false},"excerpt":{"rendered":"<p>Berglind graduated as a fashion designer from IUA (Iceland University of the Arts) in 2021. In her graduation collection \u201c\u00der\u00e1\u00f0hyggja\u201d she focused on giving discarded polyester satin new life by de-weaving it, combing it and then spin or felt new material for further use. Her post graduation projects have been focused on finding various ways [&#8230;]\n","protected":false},"author":1,"featured_media":636,"parent":0,"menu_order":0,"comment_status":"closed","ping_status":"closed","template":"","meta":{"footnotes":""},"class_list":["post-644","page","type-page","status-publish","has-post-thumbnail","hentry"],"yoast_head":"<!-- This site is optimized with the Yoast SEO plugin v26.7 - https:\/\/yoast.com\/wordpress\/plugins\/seo\/ -->\n<title>about - bosk<\/title>\n<meta name=\"description\" content=\"Berglind graduated as a fashion designer from IUA (Iceland University of the Arts) in 2021. In her graduation collection \u201c\u00der\u00e1\u00f0hyggja\u201d\" \/>\n<meta name=\"robots\" content=\"index, follow, max-snippet:-1, max-image-preview:large, max-video-preview:-1\" \/>\n<link rel=\"canonical\" href=\"https:\/\/boskboskbosk.com\/?page_id=644\" \/>\n<meta property=\"og:locale\" content=\"en_US\" \/>\n<meta property=\"og:type\" content=\"article\" \/>\n<meta property=\"og:title\" content=\"about - bosk\" \/>\n<meta property=\"og:description\" content=\"Berglind graduated as a fashion designer from IUA (Iceland University of the Arts) in 2021. In her graduation collection \u201c\u00der\u00e1\u00f0hyggja\u201d\" \/>\n<meta property=\"og:url\" content=\"https:\/\/boskboskbosk.com\/?page_id=644\" \/>\n<meta property=\"og:site_name\" content=\"bosk\" \/>\n<meta property=\"article:modified_time\" content=\"2025-10-23T14:02:05+00:00\" \/>\n<meta property=\"og:image\" content=\"https:\/\/boskboskbosk.com\/wp-content\/uploads\/2025\/10\/eg3.jpg\" \/>\n\t<meta property=\"og:image:width\" content=\"1020\" \/>\n\t<meta property=\"og:image:height\" content=\"1020\" \/>\n\t<meta property=\"og:image:type\" content=\"image\/jpeg\" \/>\n<meta name=\"twitter:card\" content=\"summary_large_image\" \/>\n<meta name=\"twitter:label1\" content=\"Est. reading time\" \/>\n\t<meta name=\"twitter:data1\" content=\"1 minute\" \/>\n<script type=\"application\/ld+json\" class=\"yoast-schema-graph\">{\"@context\":\"https:\/\/schema.org\",\"@graph\":[{\"@type\":\"WebPage\",\"@id\":\"https:\/\/boskboskbosk.com\/?page_id=644\",\"url\":\"https:\/\/boskboskbosk.com\/?page_id=644\",\"name\":\"about - bosk\",\"isPartOf\":{\"@id\":\"https:\/\/boskboskbosk.com\/#website\"},\"primaryImageOfPage\":{\"@id\":\"https:\/\/boskboskbosk.com\/?page_id=644#primaryimage\"},\"image\":{\"@id\":\"https:\/\/boskboskbosk.com\/?page_id=644#primaryimage\"},\"thumbnailUrl\":\"https:\/\/boskboskbosk.com\/wp-content\/uploads\/2025\/10\/eg3.jpg\",\"datePublished\":\"2025-10-09T12:31:26+00:00\",\"dateModified\":\"2025-10-23T14:02:05+00:00\",\"description\":\"Berglind graduated as a fashion designer from IUA (Iceland University of the Arts) in 2021. In her graduation collection \u201c\u00der\u00e1\u00f0hyggja\u201d\",\"breadcrumb\":{\"@id\":\"https:\/\/boskboskbosk.com\/?page_id=644#breadcrumb\"},\"inLanguage\":\"en-US\",\"potentialAction\":[{\"@type\":\"ReadAction\",\"target\":[\"https:\/\/boskboskbosk.com\/?page_id=644\"]}]},{\"@type\":\"ImageObject\",\"inLanguage\":\"en-US\",\"@id\":\"https:\/\/boskboskbosk.com\/?page_id=644#primaryimage\",\"url\":\"https:\/\/boskboskbosk.com\/wp-content\/uploads\/2025\/10\/eg3.jpg\",\"contentUrl\":\"https:\/\/boskboskbosk.com\/wp-content\/uploads\/2025\/10\/eg3.jpg\",\"width\":9000,\"height\":9000},{\"@type\":\"BreadcrumbList\",\"@id\":\"https:\/\/boskboskbosk.com\/?page_id=644#breadcrumb\",\"itemListElement\":[{\"@type\":\"ListItem\",\"position\":1,\"name\":\"Home\",\"item\":\"https:\/\/boskboskbosk.com\/\"},{\"@type\":\"ListItem\",\"position\":2,\"name\":\"about\"}]},{\"@type\":\"WebSite\",\"@id\":\"https:\/\/boskboskbosk.com\/#website\",\"url\":\"https:\/\/boskboskbosk.com\/\",\"name\":\"boskboskbosk\",\"description\":\"\",\"publisher\":{\"@id\":\"https:\/\/boskboskbosk.com\/#organization\"},\"potentialAction\":[{\"@type\":\"SearchAction\",\"target\":{\"@type\":\"EntryPoint\",\"urlTemplate\":\"https:\/\/boskboskbosk.com\/?s={search_term_string}\"},\"query-input\":{\"@type\":\"PropertyValueSpecification\",\"valueRequired\":true,\"valueName\":\"search_term_string\"}}],\"inLanguage\":\"en-US\"},{\"@type\":\"Organization\",\"@id\":\"https:\/\/boskboskbosk.com\/#organization\",\"name\":\"BOSK\",\"url\":\"https:\/\/boskboskbosk.com\/\",\"logo\":{\"@type\":\"ImageObject\",\"inLanguage\":\"en-US\",\"@id\":\"https:\/\/boskboskbosk.com\/#\/schema\/logo\/image\/\",\"url\":\"https:\/\/boskboskbosk.com\/wp-content\/uploads\/2025\/03\/bosk.png\",\"contentUrl\":\"https:\/\/boskboskbosk.com\/wp-content\/uploads\/2025\/03\/bosk.png\",\"width\":1191,\"height\":842,\"caption\":\"BOSK\"},\"image\":{\"@id\":\"https:\/\/boskboskbosk.com\/#\/schema\/logo\/image\/\"},\"sameAs\":[\"https:\/\/www.threads.com\/@boskboskbosk\"]}]}<\/script>\n<!-- \/ Yoast SEO plugin. -->","yoast_head_json":{"title":"about - bosk","description":"Berglind graduated as a fashion designer from IUA (Iceland University of the Arts) in 2021. In her graduation collection \u201c\u00der\u00e1\u00f0hyggja\u201d","robots":{"index":"index","follow":"follow","max-snippet":"max-snippet:-1","max-image-preview":"max-image-preview:large","max-video-preview":"max-video-preview:-1"},"canonical":"https:\/\/boskboskbosk.com\/?page_id=644","og_locale":"en_US","og_type":"article","og_title":"about - bosk","og_description":"Berglind graduated as a fashion designer from IUA (Iceland University of the Arts) in 2021. In her graduation collection \u201c\u00der\u00e1\u00f0hyggja\u201d","og_url":"https:\/\/boskboskbosk.com\/?page_id=644","og_site_name":"bosk","article_modified_time":"2025-10-23T14:02:05+00:00","og_image":[{"url":"https:\/\/boskboskbosk.com\/wp-content\/uploads\/2025\/10\/eg3.jpg","width":1020,"height":1020,"type":"image\/jpeg"}],"twitter_card":"summary_large_image","twitter_misc":{"Est. reading time":"1 minute"},"schema":{"@context":"https:\/\/schema.org","@graph":[{"@type":"WebPage","@id":"https:\/\/boskboskbosk.com\/?page_id=644","url":"https:\/\/boskboskbosk.com\/?page_id=644","name":"about - bosk","isPartOf":{"@id":"https:\/\/boskboskbosk.com\/#website"},"primaryImageOfPage":{"@id":"https:\/\/boskboskbosk.com\/?page_id=644#primaryimage"},"image":{"@id":"https:\/\/boskboskbosk.com\/?page_id=644#primaryimage"},"thumbnailUrl":"https:\/\/boskboskbosk.com\/wp-content\/uploads\/2025\/10\/eg3.jpg","datePublished":"2025-10-09T12:31:26+00:00","dateModified":"2025-10-23T14:02:05+00:00","description":"Berglind graduated as a fashion designer from IUA (Iceland University of the Arts) in 2021. In her graduation collection \u201c\u00der\u00e1\u00f0hyggja\u201d","breadcrumb":{"@id":"https:\/\/boskboskbosk.com\/?page_id=644#breadcrumb"},"inLanguage":"en-US","potentialAction":[{"@type":"ReadAction","target":["https:\/\/boskboskbosk.com\/?page_id=644"]}]},{"@type":"ImageObject","inLanguage":"en-US","@id":"https:\/\/boskboskbosk.com\/?page_id=644#primaryimage","url":"https:\/\/boskboskbosk.com\/wp-content\/uploads\/2025\/10\/eg3.jpg","contentUrl":"https:\/\/boskboskbosk.com\/wp-content\/uploads\/2025\/10\/eg3.jpg","width":9000,"height":9000},{"@type":"BreadcrumbList","@id":"https:\/\/boskboskbosk.com\/?page_id=644#breadcrumb","itemListElement":[{"@type":"ListItem","position":1,"name":"Home","item":"https:\/\/boskboskbosk.com\/"},{"@type":"ListItem","position":2,"name":"about"}]},{"@type":"WebSite","@id":"https:\/\/boskboskbosk.com\/#website","url":"https:\/\/boskboskbosk.com\/","name":"boskboskbosk","description":"","publisher":{"@id":"https:\/\/boskboskbosk.com\/#organization"},"potentialAction":[{"@type":"SearchAction","target":{"@type":"EntryPoint","urlTemplate":"https:\/\/boskboskbosk.com\/?s={search_term_string}"},"query-input":{"@type":"PropertyValueSpecification","valueRequired":true,"valueName":"search_term_string"}}],"inLanguage":"en-US"},{"@type":"Organization","@id":"https:\/\/boskboskbosk.com\/#organization","name":"BOSK","url":"https:\/\/boskboskbosk.com\/","logo":{"@type":"ImageObject","inLanguage":"en-US","@id":"https:\/\/boskboskbosk.com\/#\/schema\/logo\/image\/","url":"https:\/\/boskboskbosk.com\/wp-content\/uploads\/2025\/03\/bosk.png","contentUrl":"https:\/\/boskboskbosk.com\/wp-content\/uploads\/2025\/03\/bosk.png","width":1191,"height":842,"caption":"BOSK"},"image":{"@id":"https:\/\/boskboskbosk.com\/#\/schema\/logo\/image\/"},"sameAs":["https:\/\/www.threads.com\/@boskboskbosk"]}]}},"_links":{"self":[{"href":"https:\/\/boskboskbosk.com\/index.php?rest_route=\/wp\/v2\/pages\/644","targetHints":{"allow":["GET"]}}],"collection":[{"href":"https:\/\/boskboskbosk.com\/index.php?rest_route=\/wp\/v2\/pages"}],"about":[{"href":"https:\/\/boskboskbosk.com\/index.php?rest_route=\/wp\/v2\/types\/page"}],"author":[{"embeddable":true,"href":"https:\/\/boskboskbosk.com\/index.php?rest_route=\/wp\/v2\/users\/1"}],"replies":[{"embeddable":true,"href":"https:\/\/boskboskbosk.com\/index.php?rest_route=%2Fwp%2Fv2%2Fcomments&post=644"}],"version-history":[{"count":1,"href":"https:\/\/boskboskbosk.com\/index.php?rest_route=\/wp\/v2\/pages\/644\/revisions"}],"predecessor-version":[{"id":645,"href":"https:\/\/boskboskbosk.com\/index.php?rest_route=\/wp\/v2\/pages\/644\/revisions\/645"}],"wp:featuredmedia":[{"embeddable":true,"href":"https:\/\/boskboskbosk.com\/index.php?rest_route=\/wp\/v2\/media\/636"}],"wp:attachment":[{"href":"https:\/\/boskboskbosk.com\/index.php?rest_route=%2Fwp%2Fv2%2Fmedia&parent=644"}],"curies":[{"name":"wp","href":"https:\/\/api.w.org\/{rel}","templated":true}]}}